{"id":170,"date":"2025-04-12T02:34:40","date_gmt":"2025-04-12T02:34:40","guid":{"rendered":"https:\/\/cocosi.org.sv\/?page_id=170"},"modified":"2025-07-14T14:31:41","modified_gmt":"2025-07-14T14:31:41","slug":"enlaces","status":"publish","type":"page","link":"https:\/\/cocosi.org.sv\/en\/enlaces\/","title":{"rendered":"LInks"},"content":{"rendered":"<p>ruta de atenci\u00f3n<\/p>\n\n\n\n\n\n\n\n<strong>INSTITUTION&nbsp;<\/strong>\n<p><strong style=\"color: rgb(255, 255, 255);\">DESCRIPTION<\/strong><\/p>\n<strong>PHONE<\/strong>\n\n\n<p><strong>Attorney General's Office of El Salvador<\/strong><\/p>\nSe encarga de la defensa de los derechos humanos, la promoci\u00f3n de la justicia y la representaci\u00f3n legal del Estado y sus ciudadanos. Se debe acudir a ella cuando se requiere defender el orden jur\u00eddico, el patrimonio p\u00fablico o los derechos y garant\u00edas fundamentales, ya sea en procesos judiciales o administrativos. Tambi\u00e9n es el organismo encargado de investigar faltas disciplinarias de servidores p\u00fablicos y particulares que manejan fondos del Estado.\n2372-6003\n\n\n<p><strong>EI CONAPINA (National Council for Early Childhood, Childhood, and Adolescence)<\/strong><\/p><p><br><\/p>\n<p>It is the governing institution in El Salvador responsible for guaranteeing, protecting, and promoting the rights of children and adolescents, especially those in vulnerable situations, risk, displacement, and migration, who have been victims of violence.&nbsp;<\/p><p>You should go to CONAPINA if a child or adolescent suffers violence, abuse, abandonment, exploitation, or needs urgent protection.<\/p><p><br><\/p>\n7844-8753\n\n\n<p><strong>PDDH (Procuradur\u00eda for the Defense of Human Rights)<\/strong><\/p><p><br><\/p>\n<p>The PDDH protects, promotes, and educates about human rights in El Salvador.&nbsp;<\/p><p>You should go if you suffer, witness, or report violations of human rights, abuse of authority, discrimination, or need legal guidance and support.<\/p>\n2372-2546\n\n\n<p><strong>ISDEMU<\/strong><\/p>\n<p>It protects women's rights, provides legal advice, and psychological support in cases of violence, discrimination, or harassment.&nbsp;<\/p><p>You should go if you are a victim or need guidance, protection, or information about services and programs for women's development and empowerment.<\/p>\n2372-2546\n\n\n<p><strong>The Specialized Attention Unit for Women Victims of Violence<\/strong><\/p><p><br><\/p>\n<p>It provides free psychological, legal, and social support to women and adolescents who suffer violence.&nbsp;<\/p><p>You should go if you face physical, sexual, psychological, or economic violence, or need guidance, protection, support for reporting, or comprehensive care.<\/p>\n2520-4367\n\n\n<p><strong>Civil Protection<\/strong><\/p>\n<p>It is the entity that prevents, mitigates, and responds to natural disasters or emergencies in El Salvador.&nbsp;<\/p><p>You should go in case of risks, alerts, emergencies, evacuations, disasters, or to receive guidance on prevention and protection against threats.<\/p>\n2372-0185\n\n\n<p><strong>The Attorney General's Office (FGR)<\/strong><\/p>\n<p>Investigates crimes, directs criminal action, defends the interests of the State, and represents victims&nbsp;<\/p><p>You should go if you are a victim, a witness, or know of a crime, need to report, protection, or legal advice.<\/p>\n2319-0700","protected":false},"excerpt":{"rendered":"","protected":false},"author":1,"featured_media":0,"parent":0,"menu_order":0,"comment_status":"closed","ping_status":"closed","template":"","meta":{"pagelayer_contact_templates":[],"_pagelayer_content":"","footnotes":""},"class_list":["post-170","page","type-page","status-publish","hentry"],"_links":{"self":[{"href":"https:\/\/cocosi.org.sv\/en\/wp-json\/wp\/v2\/pages\/170","targetHints":{"allow":["GET"]}}],"collection":[{"href":"https:\/\/cocosi.org.sv\/en\/wp-json\/wp\/v2\/pages"}],"about":[{"href":"https:\/\/cocosi.org.sv\/en\/wp-json\/wp\/v2\/types\/page"}],"author":[{"embeddable":true,"href":"https:\/\/cocosi.org.sv\/en\/wp-json\/wp\/v2\/users\/1"}],"replies":[{"embeddable":true,"href":"https:\/\/cocosi.org.sv\/en\/wp-json\/wp\/v2\/comments?post=170"}],"version-history":[{"count":99,"href":"https:\/\/cocosi.org.sv\/en\/wp-json\/wp\/v2\/pages\/170\/revisions"}],"predecessor-version":[{"id":2144,"href":"https:\/\/cocosi.org.sv\/en\/wp-json\/wp\/v2\/pages\/170\/revisions\/2144"}],"wp:attachment":[{"href":"https:\/\/cocosi.org.sv\/en\/wp-json\/wp\/v2\/media?parent=170"}],"curies":[{"name":"wp","href":"https:\/\/api.w.org\/{rel}","templated":true}]}}