{"id":1759,"date":"2025-06-03T14:35:20","date_gmt":"2025-06-03T14:35:20","guid":{"rendered":"https:\/\/cocosi.org.sv\/?page_id=1759"},"modified":"2025-06-20T21:25:55","modified_gmt":"2025-06-20T21:25:55","slug":"nosotros-2","status":"publish","type":"page","link":"https:\/\/cocosi.org.sv\/en\/nosotros-2\/","title":{"rendered":"Nosotros."},"content":{"rendered":"<p>CoCoSI TRANSFORMING TOMORROW<\/p>\n\n\n\n\n\n\n\n\n\n\n\n<p>We are an organization that promotes educational processes for the defense of human rights with gender justice.<\/p>\n\n\n\n\n\n\n\n\nSer una Asociaci\u00f3n generadora de cambio social que contribuye a la reivindicaci\u00f3n de derechos para el mejoramiento de vida de las poblaciones clave.\n\n\n\n\n\n\n\n1.        Contribuir a la reducci\u00f3n de casos de violencia de g\u00e9nero, con la educaci\u00f3n  en g\u00e9nero y derechos sexuales y reproductivos, en los Centros Escolares con la comunidad educativa, Liderazgos comunitarios, empleados p\u00fablicos y privados.<br><br>2. Support children, adolescents, women in situations of violence, people living with HIV, and LGBTIQ+ individuals in cases of human rights violations.<br><br>3. Prevent new HIV and other STI infections through comprehensive sexuality education with diverse populations in rural communities of the Caba\u00f1as department.<br><br>4. Advocate before local and central government authorities, as well as community-based organizations, to monitor and support the enforcement of fundamental human rights in public policies and laws implemented locally, and to contribute to the development of new regulations that benefit.<br><br>5.        Promover la defensa de los derechos humanos de poblaciones claves que viven en comunidades rurales del departamento de Caba\u00f1as a trav\u00e9s de  cu\u00f1as y programas radiales, plataformas de redes sociales, boletines, reuniones estrat\u00e9gicas con tomadores de decisiones, asambleas comunitarias entre otras.\n\n\n\n\n\n\n\n\u2022        Aracely M\u00e9ndez: directora ejecutiva de la Asociaci\u00f3n Ejecutiva.\n<br>\n\u2022Lic. Isabel Rivas \u2013 Coordinator of the Human Rights Program.\n<br>\n\u2022Lic. Fausto G\u00e1mez \u2013 Coordinator of the Brisas del Campo Collective.\n<br>\n\u2022 Lic. Marleny L\u00f3pez:  Administrator.\n<br>\n\u2022Lic. Nelson Reyes: Communications area coordinator.\n<br>\n\u2022         Brenda Rene Hubbard: Asesora.\n\n\n\n\n\n\n\nCoCoSI orienta su trabajo en 5 valores institucionales:  <strong>Responsibility, Teamwork, Integrity, Respect, and Excellence.<\/strong> These values form the foundation of the commitment and institutional work that guide all actions involving key populations, the General Assembly, the Board of Directors, and the Technical Team. Below is an explanation of what each value means.<br>\u2022<strong>Responsibility:<\/strong>The work is carried out with care and attention, regarding what is done or decided to be done, allowing people to fulfill the assigned commitments and be committed to what concerns them.<br> <br>\u2022<strong>Teamwork<\/strong>: Common goals are the central focus for developing teamwork, where people come together to achieve it together, putting into practice the various capabilities and skills of the team to reach the established goal.<br><br>\u2022<strong>Integrity:<\/strong> It's always doing the right thing, doing everything that is considered good for the person themselves or the institution where they work, without affecting anyone in any way, where integrity is practiced, there is honesty and integrity.<br> <br>\u2022<strong>Respect:<\/strong>Respect is recognizing, accepting, and valuing the qualities of other people, regardless of their differences.<br>It is essential that people keep respect in mind when interacting with other people.<br> <br>\u2022<strong>Excellence<\/strong>: Permite resaltar la considerable calidad que convierte a un individuo u objeto en merecedor de una estima y aprecio elevado. Con la excelencia se va a la perfecci\u00f3n y a las caracter\u00edsticas sobresalientes del trabajo que se hace.\n\n\n\n\n\n\n\nCoCoSI ha estado trabajando la justicia de g\u00e9nero y la prevenci\u00f3n de la violencia basada en g\u00e9nero, embarazos no planificados, prevenci\u00f3n de ITS\/VIH y el acompa\u00f1amiento de personas con VIH, poblaciones en condiciones de riesgo y vulnerabilidad. A continuaci\u00f3n se detallan las acciones destacadas en el que hacer de la Asociaci\u00f3n:\n<br>\nEducational processes on sexual and reproductive health based on gender, sexual diversity, and masculinity, aimed at promoting awareness of human rights and gender equity for the prevention of gender-based violence and HIV.<br>\n\u2022Training processes to empower women, girls, and adolescents.<br>\n\u2022Training processes aimed at students and teachers in educational institutions.<br>\n\u2022Training processes for authorities (National Civil Police and soldiers), community leaders, and other ONG\u00b4S and government institutions.<br>\n\u2022Training and support processes for the Brisas del Campo Collective and the Realidad en Escena Theater Group.<br>\n\u2022Promoting and supporting the Ministry of Health and other organizations in HIV testing.<br>\n\u2022Development and application of educational materials.<br>\n\u2022Execution of massive activities: community forums, theater, and meetings and exchanges of experiences.<br>\n\u2022Broadcasting radio programs and radio spots.<br>\n\u2022Publication of editorial articles.<br>\n\u2022Development and distribution of informational materials.<br>\n\u2022Radio forums.<br>\n\u2022Information through the CoCoSI website.<br>\n\u2022Spiritual and moral support for women in situations of violence, LGBTIQ+ individuals, and people living with HIV.<br>\n\u2022Assistance to support groups for people living with HIV.<br>\n\u2022Home visits to individuals in situations of violence and people living with HIV.<br>\n\u2022Economic assistance to victims of gender-based violence and people living with HIV (for reporting cases of violence, medical appointments, medications, and urgent needs).<br>\n\u2022Support and educational processes on the prevention of gender-based violence and HIV with sex workers.<br>\n\u2022Support for individuals deprived of liberty in correctional facilities.<br>\n\u2022Creation of murals and presentation of theater plays for the prevention of unplanned pregnancies.<br>\n\u2022In recent years of CoCoSI journey, the organization has received recognitions and participated in strategic national and international forums. These accomplishments highlight the importance of the work carried out throughout its history and inspire the staff to continue their efforts. Below are some of the recognitions received:<br>\n\n\u2022International HIV conference held in Mexico in 2008.<br>\n\u2022Received the Red Ribbon Award presented by USAID at the international HIV conference in Vienna-Austria, in 2010.<br>\n\u2022Delegation of CoCoSI staff at the international HIV conference in Washington in 2012.<br>\n\u2022The Association was awarded the National Prize for the Promotion and Dissemination of Human Rights by the Office of the Human Rights Ombudsman in December 2022.<br>\n\u2022Recognition of CoCoSI from the Network of Human Rights Defenders in December 2022.<br>\n\n\n\n\n\n\n\n\n\n\n\n<p>Lorem Ipsum has been the industry&#8217;s standard dummy text ever since the 1500s.<\/p>\n\n\n\n\n\n<p><\/p>","protected":false},"excerpt":{"rendered":"","protected":false},"author":1,"featured_media":0,"parent":0,"menu_order":0,"comment_status":"closed","ping_status":"closed","template":"","meta":{"pagelayer_contact_templates":[],"_pagelayer_content":"","footnotes":""},"class_list":["post-1759","page","type-page","status-publish","hentry"],"_links":{"self":[{"href":"https:\/\/cocosi.org.sv\/en\/wp-json\/wp\/v2\/pages\/1759","targetHints":{"allow":["GET"]}}],"collection":[{"href":"https:\/\/cocosi.org.sv\/en\/wp-json\/wp\/v2\/pages"}],"about":[{"href":"https:\/\/cocosi.org.sv\/en\/wp-json\/wp\/v2\/types\/page"}],"author":[{"embeddable":true,"href":"https:\/\/cocosi.org.sv\/en\/wp-json\/wp\/v2\/users\/1"}],"replies":[{"embeddable":true,"href":"https:\/\/cocosi.org.sv\/en\/wp-json\/wp\/v2\/comments?post=1759"}],"version-history":[{"count":67,"href":"https:\/\/cocosi.org.sv\/en\/wp-json\/wp\/v2\/pages\/1759\/revisions"}],"predecessor-version":[{"id":2079,"href":"https:\/\/cocosi.org.sv\/en\/wp-json\/wp\/v2\/pages\/1759\/revisions\/2079"}],"wp:attachment":[{"href":"https:\/\/cocosi.org.sv\/en\/wp-json\/wp\/v2\/media?parent=1759"}],"curies":[{"name":"wp","href":"https:\/\/api.w.org\/{rel}","templated":true}]}}