{"id":394,"date":"2025-04-21T21:04:44","date_gmt":"2025-04-21T21:04:44","guid":{"rendered":"https:\/\/cocosi.org.sv\/?page_id=394"},"modified":"2025-06-22T20:42:02","modified_gmt":"2025-06-22T20:42:02","slug":"comunicaciones","status":"publish","type":"page","link":"https:\/\/cocosi.org.sv\/en\/comunicaciones\/","title":{"rendered":"Communications"},"content":{"rendered":"<h1 [object namednodemap]>\u00a0<span style=\"font-size: 25px !important; line-height: 1.65em !important;\">\u00c1rea de  Comunicaciones<\/span><\/h1>\n\n\n<p class=\"MsoNormal\" style=\"text-align:justify\">The Communications Area of the CoCoSI Association plays a fundamental strategic role within the organization, with objectives aimed at both institutional outreach and community education <br><strong>Their main goals are:<\/strong><\/p>\n\n\n\n<ol style=\"margin-top:0cm\" start=\"1\" type=\"1\">\n <li class=\"MsoNormal\" style=\"text-align:justify;mso-list:l0 level1 lfo1;     tab-stops:list 36.0pt\"><strong><u><em><strong>To communicate the work of the association.<\/strong><\/em><\/u> <\/strong>It is responsible for reporting on CoCoSI\u2019s activities, projects, and achievements through channels such as social media, radio stations, and the institutional website. This effort aims to promote the work of the association and strengthen its public presence.<o:p><\/o:p><\/li>\n <li class=\"MsoNormal\" style=\"text-align:justify;mso-list:l0 level1 lfo1;     tab-stops:list 36.0pt\"><strong><strong>Educating the population:<\/strong> Through various communication formats, messages are conveyed about sexual and reproductive health, sexual diversity, sexually transmitted infections (STIs), violence prevention, and other topics. These contents are disseminated through social media posts, radio spots, and informational materials in both physical and digital formats.<\/strong><o:p><\/o:p><\/li>\n<\/ol>\n\n<p>Lorem Ipsum has been the industry&#8217;s standard dummy text ever since the 1500s.<\/p>\n\n\n\n<h6 class=\"fadeInRight\" style=\"margin-right: 0px; margin-bottom: 0.5rem; margin-left: 0px; font-family: Poppins, sans-serif; line-height: 1.2; font-size: 1rem; padding: 0px; overflow-wrap: break-word;\">Radio Programs:<\/h6><p style=\"color: rgb(10, 10, 10); padding: 0px; margin: 0px; overflow-wrap: break-word; text-align: justify;\"><span style=\"font-size: large; line-height: 107%; font-family: Calibri, sans-serif;\">Radio programs are produced and broadcast with a duration of 30 to 60 minutes. These segments are shared through CoCoSI\u2019s website and community radio stations.<span style=\"font-size:x-small;\"><span style=\"\"><\/span><\/span>Radio programs are produced and broadcast with a duration of 30 to 60 minutes. These segments are shared through CoCoSI\u2019s website and community and municipal radio stations such as Radio Victoria (92.1 FM) and Radio Municipal de Victoria (98.1 FM<\/span><\/p><p style=\"color: rgb(10, 10, 10); padding: 0px; margin: 0px; overflow-wrap: break-word; text-align: justify;\"><span style=\"font-size: large; line-height: 107%; font-family: Calibri, sans-serif;\">These programs address relevant topics through analysis, discussion, and the participation of experts and community members.<\/span><\/p>\n\n\n<h6 class=\"fadeInRight\" style=\"margin-right: 0px; margin-bottom: 0.5rem; margin-left: 0px; font-family: Poppins, sans-serif; line-height: 1.2; font-size: 1rem; padding: 0px; overflow-wrap: break-word;\">Radio Spots:<\/h6><p style=\"color: rgb(10, 10, 10); padding: 0px; margin: 0px; overflow-wrap: break-word; text-align: justify;\"><span style=\"font-size: large; line-height: 107%; font-family: Calibri, sans-serif;\">Brief messages of 45 to 60 seconds are created on topics of interest, which are broadcast through the same media with the aim of providing clear, accessible, and concise information to the audience.<\/span><\/p>\n\n\n<h6 class=\"fadeInRight\" style=\"margin-right: 0px; margin-bottom: 0.5rem; margin-left: 0px; font-family: Poppins, sans-serif; line-height: 1.2; font-size: 1rem; padding: 0px; overflow-wrap: break-word;\">News reports:<\/h6><p style=\"color: rgb(10, 10, 10); padding: 0px; margin: 0px; overflow-wrap: break-word; text-align: justify;\"><span style=\"font-size: large; line-height: 107%; font-family: Calibri, sans-serif;\">Written and radio reports are developed that highlight topics of interest and relevant events. These are disseminated through newsletters and partner radio stations.<\/span><\/p>\n\n<h6 class=\"fadeInRight\" style=\"margin-right: 0px; margin-bottom: 0.5rem; margin-left: 0px; line-height: 1.2; padding: 0px; overflow-wrap: break-word; font-size: 1rem; font-family: Poppins, sans-serif;\">Publicaciones digitales:<\/h6><p style=\"color: rgb(10, 10, 10); padding: 0px; margin: 0px; overflow-wrap: break-word; text-align: justify;\"><span style=\"font-family: Calibri, sans-serif; font-size: large; color: rgb(0, 0, 0);\">This bulletin compiles news on relevant topics and reports on activities carried out by the association. It is distributed through the website and via personalized emails<\/span><\/p>\n<h6 class=\"fadeInRight\" style=\"margin-right: 0px; margin-bottom: 0.5rem; margin-left: 0px; line-height: 1.2; padding: 0px; overflow-wrap: break-word; font-size: 1rem; font-family: Poppins, sans-serif;\">Bolet\u00edn Informativo:<\/h6><p style=\"color: rgb(10, 10, 10); padding: 0px; margin: 0px; overflow-wrap: break-word; text-align: justify; font-size: large;\"><span style=\"color: rgb(0, 0, 0); font-family: Poppins, sans-serif;\"><span style=\"font-size: 11pt; line-height: 15.6933px; font-family: Calibri, sans-serif;\">Digital publications:<\/span><\/span><span style=\"font-family: Calibri, sans-serif; font-size: 11pt;\">Se dise\u00f1an y publican materiales gr\u00e1ficos y promocionales en redes sociales para visibilizar las campa\u00f1as y acciones desarrolladas por la asociaci\u00f3n.<\/span><\/p>","protected":false},"excerpt":{"rendered":"","protected":false},"author":1,"featured_media":0,"parent":0,"menu_order":0,"comment_status":"closed","ping_status":"closed","template":"","meta":{"pagelayer_contact_templates":[],"_pagelayer_content":"","footnotes":""},"class_list":["post-394","page","type-page","status-publish","hentry"],"_links":{"self":[{"href":"https:\/\/cocosi.org.sv\/en\/wp-json\/wp\/v2\/pages\/394","targetHints":{"allow":["GET"]}}],"collection":[{"href":"https:\/\/cocosi.org.sv\/en\/wp-json\/wp\/v2\/pages"}],"about":[{"href":"https:\/\/cocosi.org.sv\/en\/wp-json\/wp\/v2\/types\/page"}],"author":[{"embeddable":true,"href":"https:\/\/cocosi.org.sv\/en\/wp-json\/wp\/v2\/users\/1"}],"replies":[{"embeddable":true,"href":"https:\/\/cocosi.org.sv\/en\/wp-json\/wp\/v2\/comments?post=394"}],"version-history":[{"count":31,"href":"https:\/\/cocosi.org.sv\/en\/wp-json\/wp\/v2\/pages\/394\/revisions"}],"predecessor-version":[{"id":2082,"href":"https:\/\/cocosi.org.sv\/en\/wp-json\/wp\/v2\/pages\/394\/revisions\/2082"}],"wp:attachment":[{"href":"https:\/\/cocosi.org.sv\/en\/wp-json\/wp\/v2\/media?parent=394"}],"curies":[{"name":"wp","href":"https:\/\/api.w.org\/{rel}","templated":true}]}}