{"id":507,"date":"2025-04-23T19:55:13","date_gmt":"2025-04-23T19:55:13","guid":{"rendered":"https:\/\/cocosi.org.sv\/?page_id=507"},"modified":"2025-06-20T14:16:27","modified_gmt":"2025-06-20T14:16:27","slug":"historia","status":"publish","type":"page","link":"https:\/\/cocosi.org.sv\/en\/historia\/","title":{"rendered":"History"},"content":{"rendered":"<p>History<\/p>\n\n<p><span style=\"color: rgb(10, 10, 10); font-family: &quot;Times New Roman&quot;; font-size: 16px; letter-spacing: normal; text-align: justify; text-decoration-style: initial;\">The Committee Against SIDA was founded on August 29, 1999, through the initiative of five young people from the communities of Santa Marta and El Zapote, in the municipality of Ciudad Victoria, in the department of Caba\u00f1as. The office is located in the canton of El Zapote.<\/span><\/p>\n<p style=\"color: rgb(10, 10, 10); font-family: &quot;Times New Roman&quot;; font-size: 16px; letter-spacing: normal; text-decoration-style: initial; text-align: justify;\">CoCoSI was founded with the purpose of providing guidance and raising awareness about HIV\/AIDS prevention. The idea originated from the rehabilitation center in the community of Santa Marta\u2014a project dedicated to providing physical and psychological therapy to people affected by the armed conflict in El Salvador.\n\nThis is how the idea was born to form a group of individuals committed to HIV\/AIDS prevention and education. The young people had realized that there was no information about HIV\/AIDS available in their communities. In this former conflict zone, where residents had endured both war and extreme poverty, the population experienced high levels of post-traumatic stress from the war.\n\nThe Ministries of Health and Education did not take on the responsibility of educating or preventing the spread of HIV among the residents of this region.<\/p><div><\/div>\n<p><span style=\"color: rgb(10, 10, 10); font-family: &quot;Times New Roman&quot;; font-size: 16px; letter-spacing: normal; text-align: justify; text-decoration-style: initial;\">That is what compelled young leaders from the repopulated communities to take on the responsibility of ensuring that their residents were educated in AIDS prevention.<\/span><br style=\"color: rgb(10, 10, 10); font-family: &quot;Times New Roman&quot;; font-size: 16px; letter-spacing: normal; text-align: justify; text-decoration-style: initial;\"><\/p>\n<p><span style=\"color: rgb(10, 10, 10); font-family: &quot;Times New Roman&quot;; font-size: 16px; letter-spacing: normal; text-align: justify; text-decoration-style: initial;\">Desde el centro de rehabilitaci\u00f3n de Santa Marta se invit\u00f3 a una organizaci\u00f3n llamada \u00abEquipo Contra el SIDA\u00bb una organizaci\u00f3n que trabajaba en la prevenci\u00f3n del SIDA, a dar un taller de VIH\/SIDA a algunos de los maestros populares y alumnos. Este taller fue la ra\u00edz del comit\u00e9 contra el SIDA (CoCoSI).<\/span><br style=\"color: rgb(10, 10, 10); font-family: &quot;Times New Roman&quot;; font-size: 16px; letter-spacing: normal; text-align: justify; text-decoration-style: initial;\"><\/p>\n<p><span style=\"color: rgb(10, 10, 10); font-family: &quot;Times New Roman&quot;; font-size: 16px; letter-spacing: normal; text-align: justify; text-decoration-style: initial;\">In the year 2000, new members joined, and that was when the committee\u2019s first work plan was developed. Without any formal guidance, relying only on the knowledge gained from classes and life experience, and without any financial resources\u2014just the desire to do something for the community\u2014the work plan that was created and carried out led the Committee Against AIDS to gain recognition at the community level.\n\nThis is how efforts were made to coordinate certain activities with other organizations, such as the Association for Economic and Social Development (ADES), the Team Ma\u00edz El Salvador Association, the Entre Amigos Association, Vivo Positivo Atlacat Association, among others.<\/span><br style=\"color: rgb(10, 10, 10); font-family: &quot;Times New Roman&quot;; font-size: 16px; letter-spacing: normal; text-align: justify; text-decoration-style: initial;\"><\/p>\n\n\n\n\n\n<p><br><\/p>\n<p><span style=\"color: rgb(10, 10, 10); font-family: &quot;Times New Roman&quot;; font-size: 16px; letter-spacing: normal; text-align: justify; text-decoration-style: initial;\">ADES is an NGO from the department of Caba\u00f1as. This organization began supporting us by providing transportation and developing projects to apply for funding. This is how the first funds were obtained for the work being carried out by CoCoSI. Additionally, meetings started to be held with international delegations visiting the community. This helped to gain greater recognition at the local, national, and international levels.<\/span><br style=\"color: rgb(10, 10, 10); font-family: &quot;Times New Roman&quot;; font-size: 16px; letter-spacing: normal; text-align: justify; text-decoration-style: initial;\"><\/p>\n<p><span style=\"color: rgb(10, 10, 10); font-family: &quot;Times New Roman&quot;; font-size: 16px; letter-spacing: normal; text-align: justify; text-decoration-style: initial;\">In its early days, CoCoSI was not widely accepted by the community. People would say that if you were part of CoCoSI, it was because you had AIDS, and they didn\u2019t want AIDS in the community. Members of CoCoSI were called derogatory names like \"AIDS carriers\" when walking through the streets. However, this situation gradually changed as people became more aware of the important work being done by the association.<\/span><br style=\"color: rgb(10, 10, 10); font-family: &quot;Times New Roman&quot;; font-size: 16px; letter-spacing: normal; text-align: justify; text-decoration-style: initial;\"><\/p>\n<p><span style=\"color: rgb(10, 10, 10); font-family: &quot;Times New Roman&quot;; font-size: 16px; letter-spacing: normal; text-align: justify; text-decoration-style: initial;\">As the work progressed, new methods of intervention and engagement were adopted, including theatrical campaigns to raise awareness about the issue. Through this approach, the population was educated and sensitized while simultaneously being entertained.<\/span><br style=\"color: rgb(10, 10, 10); font-family: &quot;Times New Roman&quot;; font-size: 16px; letter-spacing: normal; text-align: justify; text-decoration-style: initial;\"><\/p>\n<p><span style=\"color: rgb(10, 10, 10); font-family: &quot;Times New Roman&quot;; font-size: 16px; letter-spacing: normal; text-align: justify; text-decoration-style: initial;\">In 2007, CoCoSI obtained legal status, becoming a legally recognized association. Day by day, CoCoSI continues to improve and professionalize its intervention methods with the populations it serves (people living with HIV, students, teachers, women victims of violence, men undergoing gender identity processes), using more dynamic methodologies that encourage active participation from the community.<\/span><br style=\"color: rgb(10, 10, 10); font-family: &quot;Times New Roman&quot;; font-size: 16px; letter-spacing: normal; text-align: justify; text-decoration-style: initial;\"><\/p>\n<p><span style=\"color: rgb(10, 10, 10); font-family: &quot;Times New Roman&quot;; font-size: 16px; letter-spacing: normal; text-align: justify; text-decoration-style: initial;\">The Committee Against AIDS (CoCoSI) is made up of a group of 15 to 20 young volunteers between the ages of 17 and 35. The main purpose of the members is to inform, educate, and raise awareness among the population on various topics such as HIV\/AIDS, sexuality, violence, national issues, and others. Their work takes place in the department of Caba\u00f1as and beyond, specifically in border communities with Honduras.<\/span><br style=\"color: rgb(10, 10, 10); font-family: &quot;Times New Roman&quot;; font-size: 16px; letter-spacing: normal; text-align: justify; text-decoration-style: initial;\"><\/p>\n<p><span style=\"color: rgb(10, 10, 10); font-family: &quot;Times New Roman&quot;; font-size: 16px; letter-spacing: normal; text-align: justify; text-decoration-style: initial;\">Currently, CoCoSI is the only association working on HIV prevention, support, and risk mitigation for people living with the virus in the department of Caba\u00f1as. It coordinates joint actions with MINSAL and the person in charge of HIV in penitentiary centers. Additionally, CoCoSI is part of RED-PREVENSIDA. Through its work, it has achieved recognition at the local, national, and international levels.<\/span><br style=\"color: rgb(10, 10, 10); font-family: &quot;Times New Roman&quot;; font-size: 16px; letter-spacing: normal; text-align: justify; text-decoration-style: initial;\"><\/p>\n\n\n\n\n<p style=\"text-align: center;\"><br><strong>\u00abSI UNOS LUCHAN UN DIA Y TIENEN GRANDES VICTORIAS, PORQUE NO LUCHAR POR UNA EQUIDAD DE GENERO EN NUESTRO PA\u00cdS.\n<\/strong><\/p>\n<p style=\"text-align: center;\"><strong>CoCoSI TRANSFORMANDO EL PRESENTE\u00bb.\n<\/strong><\/p>","protected":false},"excerpt":{"rendered":"","protected":false},"author":1,"featured_media":0,"parent":0,"menu_order":0,"comment_status":"closed","ping_status":"closed","template":"","meta":{"pagelayer_contact_templates":[],"_pagelayer_content":"","footnotes":""},"class_list":["post-507","page","type-page","status-publish","hentry"],"_links":{"self":[{"href":"https:\/\/cocosi.org.sv\/en\/wp-json\/wp\/v2\/pages\/507","targetHints":{"allow":["GET"]}}],"collection":[{"href":"https:\/\/cocosi.org.sv\/en\/wp-json\/wp\/v2\/pages"}],"about":[{"href":"https:\/\/cocosi.org.sv\/en\/wp-json\/wp\/v2\/types\/page"}],"author":[{"embeddable":true,"href":"https:\/\/cocosi.org.sv\/en\/wp-json\/wp\/v2\/users\/1"}],"replies":[{"embeddable":true,"href":"https:\/\/cocosi.org.sv\/en\/wp-json\/wp\/v2\/comments?post=507"}],"version-history":[{"count":68,"href":"https:\/\/cocosi.org.sv\/en\/wp-json\/wp\/v2\/pages\/507\/revisions"}],"predecessor-version":[{"id":2056,"href":"https:\/\/cocosi.org.sv\/en\/wp-json\/wp\/v2\/pages\/507\/revisions\/2056"}],"wp:attachment":[{"href":"https:\/\/cocosi.org.sv\/en\/wp-json\/wp\/v2\/media?parent=507"}],"curies":[{"name":"wp","href":"https:\/\/api.w.org\/{rel}","templated":true}]}}